{"id":1384,"date":"2022-01-20T08:55:57","date_gmt":"2022-01-20T07:55:57","guid":{"rendered":"https:\/\/wordpress.vecurosoft.com\/kundax\/?page_id=1384"},"modified":"2023-04-21T16:10:46","modified_gmt":"2023-04-21T14:10:46","slug":"les-groupes","status":"publish","type":"page","link":"http:\/\/46.105.124.10\/fab\/?page_id=1384","title":{"rendered":"Les Groupes"},"content":{"rendered":"\t\t<div data-elementor-type=\"wp-page\" data-elementor-id=\"1384\" class=\"elementor elementor-1384\">\n\t\t\t\t\t\t\t\t\t<section class=\"elementor-section elementor-top-section elementor-element elementor-element-78a4c1a elementor-section-full_width elementor-section-height-default elementor-section-height-default\" data-id=\"78a4c1a\" data-element_type=\"section\">\n\t\t\t\t\t\t<div class=\"elementor-container elementor-column-gap-no\">\n\t\t\t\t\t<div class=\"elementor-column elementor-col-100 elementor-top-column elementor-element elementor-element-cd8bd03\" data-id=\"cd8bd03\" data-element_type=\"column\">\n\t\t\t<div class=\"elementor-widget-wrap elementor-element-populated\">\n\t\t\t\t\t\t\t\t<div class=\"elementor-element elementor-element-a787e93 elementor-widget elementor-widget-kundaxservicewidget\" data-id=\"a787e93\" data-element_type=\"widget\" data-widget_type=\"kundaxservicewidget.default\">\n\t\t\t\t<div class=\"elementor-widget-container\">\n\t\t\t<!-----------------------Start Serivice Slider Area-----------------------><div class=\"service-section space\"><div class=\"container\"><div class=\"row mb-30 align-items-center wow fadeInUp\" data-wow-delay=\"0.2s\"><\/div><div class=\"row gy-30\"><!-- Single Item --><div class=\"col-xl-4 col-md-6\"><div class=\"service-box\" data-overlay=\"title\" data-opacity=\"6\"><div class=\"service-img\"><img decoding=\"async\" src=\"https:\/\/wordpress.vecurosoft.com\/knirpse\/wp-content\/uploads\/2022\/01\/s-1.jpg\" alt=\"s 1\"  \/><\/div><div class=\"service-content\"><div class=\"service-icon\"><img decoding=\"async\" src=\"https:\/\/wordpress.vecurosoft.com\/knirpse\/wp-content\/uploads\/2022\/01\/sr-1.png\" alt=\"sr 1\"  \/><\/div><h3 class=\"service-title\"><a href=\"http:\/\/46.105.124.10\/fab\/?page_id=22\">Groupes Barkley<\/a><\/h3><p class=\"service-text\">Un programme proposant des outils et des m\u00e9thodes \u00e9ducatives et p\u00e9dagogiques, afin de restaurer des relations positives et valorisantes entre Parents et Enfants<\/p><a href=\"http:\/\/46.105.124.10\/fab\/?page_id=22\" class=\"vs-btn style-2\">En Savoir plus<\/a><\/div><\/div><\/div><!-- Single Item --><div class=\"col-xl-4 col-md-6\"><div class=\"service-box\" data-overlay=\"title\" data-opacity=\"6\"><div class=\"service-img\"><img decoding=\"async\" src=\"https:\/\/wordpress.vecurosoft.com\/knirpse\/wp-content\/uploads\/2022\/01\/s-2-1.jpg\" alt=\"s 2 1\"  \/><\/div><div class=\"service-content\"><div class=\"service-icon\"><img decoding=\"async\" src=\"https:\/\/wordpress.vecurosoft.com\/knirpse\/wp-content\/uploads\/2022\/01\/sr-2.png\" alt=\"sr 2\"  \/><\/div><h3 class=\"service-title\"><a href=\"http:\/\/46.105.124.10\/fab\/?page_id=20\">Groupes TDAH \/ Fonctions Ex\u00e9cutives<\/a><\/h3><p class=\"service-text\">Ce sont des groupes s\u2019inspirant de diverses techniques (M\u00e9tacognition, Renforcement Positif, D\u00e9couverte Guid\u00e9e, Pleine Conscience\/Relaxation, Gestion Mentale, \u2026) <\/p><a href=\"http:\/\/46.105.124.10\/fab\/?page_id=20\" class=\"vs-btn style-2\">En Savoir plus<\/a><\/div><\/div><\/div><\/div><\/div><\/div><!-----------------------End Serivice Slider Area----------------------->\t\t<\/div>\n\t\t\t\t<\/div>\n\t\t\t\t\t<\/div>\n\t\t<\/div>\n\t\t\t\t\t\t\t<\/div>\n\t\t<\/section>\n\t\t\t\t\t\t\t<\/div>\n\t\t","protected":false},"excerpt":{"rendered":"<p>Groupes Barkley Un programme proposant des outils et des m\u00e9thodes \u00e9ducatives et p\u00e9dagogiques, afin de restaurer des relations positives et valorisantes entre Parents et Enfants En Savoir plus Groupes TDAH \/ Fonctions Ex\u00e9cutives Ce sont des groupes s\u2019inspirant de diverses techniques (M\u00e9tacognition, Renforcement Positif, D\u00e9couverte Guid\u00e9e, Pleine Conscience\/Relaxation, Gestion Mentale, \u2026) En Savoir plus<\/p>\n","protected":false},"author":1,"featured_media":0,"parent":8,"menu_order":0,"comment_status":"closed","ping_status":"closed","template":"template-builder.php","meta":[],"_links":{"self":[{"href":"http:\/\/46.105.124.10\/fab\/index.php?rest_route=\/wp\/v2\/pages\/1384"}],"collection":[{"href":"http:\/\/46.105.124.10\/fab\/index.php?rest_route=\/wp\/v2\/pages"}],"about":[{"href":"http:\/\/46.105.124.10\/fab\/index.php?rest_route=\/wp\/v2\/types\/page"}],"author":[{"embeddable":true,"href":"http:\/\/46.105.124.10\/fab\/index.php?rest_route=\/wp\/v2\/users\/1"}],"replies":[{"embeddable":true,"href":"http:\/\/46.105.124.10\/fab\/index.php?rest_route=%2Fwp%2Fv2%2Fcomments&post=1384"}],"version-history":[{"count":19,"href":"http:\/\/46.105.124.10\/fab\/index.php?rest_route=\/wp\/v2\/pages\/1384\/revisions"}],"predecessor-version":[{"id":2873,"href":"http:\/\/46.105.124.10\/fab\/index.php?rest_route=\/wp\/v2\/pages\/1384\/revisions\/2873"}],"up":[{"embeddable":true,"href":"http:\/\/46.105.124.10\/fab\/index.php?rest_route=\/wp\/v2\/pages\/8"}],"wp:attachment":[{"href":"http:\/\/46.105.124.10\/fab\/index.php?rest_route=%2Fwp%2Fv2%2Fmedia&parent=1384"}],"curies":[{"name":"wp","href":"https:\/\/api.w.org\/{rel}","templated":true}]}}