{"id":22,"date":"2020-08-02T21:14:55","date_gmt":"2020-08-02T19:14:55","guid":{"rendered":"http:\/\/46.105.124.10\/fab\/?page_id=22"},"modified":"2023-04-21T16:10:30","modified_gmt":"2023-04-21T14:10:30","slug":"groupes-barckley","status":"publish","type":"page","link":"http:\/\/46.105.124.10\/fab\/?page_id=22","title":{"rendered":"Groupes Barkley"},"content":{"rendered":"\t\t<div data-elementor-type=\"wp-page\" data-elementor-id=\"22\" class=\"elementor elementor-22\">\n\t\t\t\t\t\t\t\t\t<section class=\"elementor-section elementor-top-section elementor-element elementor-element-d68854e elementor-section-boxed elementor-section-height-default elementor-section-height-default\" data-id=\"d68854e\" data-element_type=\"section\">\n\t\t\t\t\t\t<div class=\"elementor-container elementor-column-gap-default\">\n\t\t\t\t\t<div class=\"elementor-column elementor-col-100 elementor-top-column elementor-element elementor-element-34fe4319\" data-id=\"34fe4319\" data-element_type=\"column\">\n\t\t\t<div class=\"elementor-widget-wrap elementor-element-populated\">\n\t\t\t\t\t\t\t\t<div class=\"elementor-element elementor-element-2012296e elementor-widget elementor-widget-text-editor\" data-id=\"2012296e\" data-element_type=\"widget\" data-widget_type=\"text-editor.default\">\n\t\t\t\t<div class=\"elementor-widget-container\">\n\t\t\t<style>\/*! elementor - v3.12.1 - 02-04-2023 *\/\n.elementor-widget-text-editor.elementor-drop-cap-view-stacked .elementor-drop-cap{background-color:#69727d;color:#fff}.elementor-widget-text-editor.elementor-drop-cap-view-framed .elementor-drop-cap{color:#69727d;border:3px solid;background-color:transparent}.elementor-widget-text-editor:not(.elementor-drop-cap-view-default) .elementor-drop-cap{margin-top:8px}.elementor-widget-text-editor:not(.elementor-drop-cap-view-default) .elementor-drop-cap-letter{width:1em;height:1em}.elementor-widget-text-editor .elementor-drop-cap{float:left;text-align:center;line-height:1;font-size:50px}.elementor-widget-text-editor .elementor-drop-cap-letter{display:inline-block}<\/style>\t\t\t\t<!-- wp:heading -->\n<h2><strong><span class=\"has-inline-color\" style=\"color: #f40c14;\">Guidance Parentale<\/span><\/strong><\/h2>\n<!-- \/wp:heading --><!-- wp:heading -->\n<h2>C\u2019est quoi\u00a0?<\/h2>\n<!-- \/wp:heading -->\n<p>Un programme proposant des outils et des m\u00e9thodes \u00e9ducatives et p\u00e9dagogiques, afin de restaurer des relations positives et valorisantes entre Parents et Enfants TDA\/H\u00a0: En am\u00e9liorant les r\u00e9ponses parentales et en favorisant l\u2019autonomie de l\u2019enfant.<\/p>\n<p>C\u2019est un lieu d\u2019\u00e9changes et de soutien entre parents et co-animateurs.<\/p>\n<p>Cette m\u00e9thode ne vise pas \u00e0 gu\u00e9rir le trouble mais \u00e0 diminuer l\u2019intensit\u00e9 des comportements inadapt\u00e9s.<\/p>\n<p>Des exercices \u00e0 appliquer \u00e0 la maison sont donn\u00e9s \u00e0 la fin de chaque s\u00e9ance.<\/p>\n<!-- wp:heading -->\n<h2>Pour qui\u00a0?<\/h2>\n<!-- \/wp:heading -->\n<p>Ce programme s\u2019adresse aux parents d\u2019enfants \u00e2g\u00e9s entre 5 et 12 ans pr\u00e9sentant un trouble du D\u00e9ficit de l\u2019Attention avec ou sans Hyperactivit\u00e9 et\/ou des difficult\u00e9s de comportement \u00e0 la maison, \u00e9cole&#8230;<\/p>\n<!-- wp:heading -->\n<h2>Quelles modalit\u00e9s\u00a0?<\/h2>\n<!-- \/wp:heading -->\n<p>S\u00e9ance d&rsquo; 1h30 tous les 15 jours pour les parents (ou autre accompagnant) sans les enfants.<\/p>\n<p>40\u20ac\/s\u00e9ance par famille, 10 s\u00e9ances sont pr\u00e9vues. <!-- wp:heading --><\/p>\n<h2>Programme en 10 \u00e9tapes<\/h2>\n<ul>\n<li><!-- \/wp:heading --> Information sur le troubles &#8211; La difficult\u00e9 \u00e0 appliquer les consignes \/ Analyse fonctionnelle<\/li>\n<li>Le moment sp\u00e9cial<\/li>\n<li>Pr\u00eater attention \u00e0 l\u2019ob\u00e9issance et donner des consignes efficaces<\/li>\n<li>Pr\u00eater attention \u00e0 l\u2019autonomie de l\u2019enfant<\/li>\n<li>Mise en place d\u2019un syst\u00e8me d\u2019\u00e9conomie de jetons et de points<\/li>\n<li>Mettre l\u2019enfant en retrait (Time Out)<\/li>\n<li>Devoirs \u00e0 la maison \/ comportement \u00e0 l\u2019\u00e9cole<\/li>\n<li>G\u00e9rer les comportements de votre enfant dans les lieux publics<\/li>\n<li>R\u00e9visions et Mise en perspective<\/li>\n<\/ul>\t\t\t\t\t\t<\/div>\n\t\t\t\t<\/div>\n\t\t\t\t\t<\/div>\n\t\t<\/div>\n\t\t\t\t\t\t\t<\/div>\n\t\t<\/section>\n\t\t\t\t\t\t\t<\/div>\n\t\t","protected":false},"excerpt":{"rendered":"<p>Guidance Parentale C\u2019est quoi\u00a0? Un programme proposant des outils et des m\u00e9thodes \u00e9ducatives et p\u00e9dagogiques, afin de restaurer des relations positives et valorisantes entre Parents et Enfants TDA\/H\u00a0: En am\u00e9liorant les r\u00e9ponses parentales et en favorisant l\u2019autonomie de l\u2019enfant. C\u2019est un lieu d\u2019\u00e9changes et de soutien entre parents et co-animateurs. Cette m\u00e9thode ne vise pas&#8230;<\/p>\n","protected":false},"author":2,"featured_media":60,"parent":1384,"menu_order":0,"comment_status":"closed","ping_status":"closed","template":"","meta":[],"_links":{"self":[{"href":"http:\/\/46.105.124.10\/fab\/index.php?rest_route=\/wp\/v2\/pages\/22"}],"collection":[{"href":"http:\/\/46.105.124.10\/fab\/index.php?rest_route=\/wp\/v2\/pages"}],"about":[{"href":"http:\/\/46.105.124.10\/fab\/index.php?rest_route=\/wp\/v2\/types\/page"}],"author":[{"embeddable":true,"href":"http:\/\/46.105.124.10\/fab\/index.php?rest_route=\/wp\/v2\/users\/2"}],"replies":[{"embeddable":true,"href":"http:\/\/46.105.124.10\/fab\/index.php?rest_route=%2Fwp%2Fv2%2Fcomments&post=22"}],"version-history":[{"count":15,"href":"http:\/\/46.105.124.10\/fab\/index.php?rest_route=\/wp\/v2\/pages\/22\/revisions"}],"predecessor-version":[{"id":2901,"href":"http:\/\/46.105.124.10\/fab\/index.php?rest_route=\/wp\/v2\/pages\/22\/revisions\/2901"}],"up":[{"embeddable":true,"href":"http:\/\/46.105.124.10\/fab\/index.php?rest_route=\/wp\/v2\/pages\/1384"}],"wp:featuredmedia":[{"embeddable":true,"href":"http:\/\/46.105.124.10\/fab\/index.php?rest_route=\/wp\/v2\/media\/60"}],"wp:attachment":[{"href":"http:\/\/46.105.124.10\/fab\/index.php?rest_route=%2Fwp%2Fv2%2Fmedia&parent=22"}],"curies":[{"name":"wp","href":"https:\/\/api.w.org\/{rel}","templated":true}]}}