{"id":48,"date":"2021-02-18T15:59:12","date_gmt":"2021-02-18T14:59:12","guid":{"rendered":"http:\/\/46.105.124.10\/fab\/?page_id=48"},"modified":"2021-12-21T16:44:40","modified_gmt":"2021-12-21T15:44:40","slug":"espace-snoezelen","status":"publish","type":"page","link":"http:\/\/46.105.124.10\/fab\/?page_id=48","title":{"rendered":"Espace Snoezelen"},"content":{"rendered":"\n<p><\/p>\n\n\n\n<p>Snoezelen est un espace sensoriel, qui vise la cr\u00e9ation d&rsquo;une ambiance, d&rsquo;un environnement s\u00e9curisant et stimulant proposant des sollicitations sensorielles douces, diversifi\u00e9es, o\u00f9 tous les sens pourront \u00eatre sollicit\u00e9s s\u00e9par\u00e9ment ou simultan\u00e9ment : vue, toucher, odorat, sens de l&rsquo;\u00e9quilibre, audition avec comme objectif \u00e0 atteindre : le bien-\u00eatre, la d\u00e9tente, un sentiment s\u00e9cure et de confiance. <\/p>\n\n\n\n<p>D&rsquo;apr\u00e8s certaines \u00e9tudes, il a \u00e9t\u00e9 constat\u00e9 une am\u00e9lioration de l&rsquo;humeur, une r\u00e9duction de l&rsquo;agitation, de l&rsquo;apathie, une facilit\u00e9 au l\u00e2cher-prise et \u00e0 la d\u00e9tente. Nos s\u00e9ances se d\u00e9roulent en individuel.<\/p>\n\n\n\n<p><\/p>\n\n\n\n<p><\/p>\n","protected":false},"excerpt":{"rendered":"<p>Snoezelen est un espace sensoriel, qui vise la cr\u00e9ation d&rsquo;une ambiance, d&rsquo;un environnement s\u00e9curisant et stimulant proposant des sollicitations sensorielles douces, diversifi\u00e9es, o\u00f9 tous les sens pourront \u00eatre sollicit\u00e9s s\u00e9par\u00e9ment ou simultan\u00e9ment : vue, toucher, odorat, sens de l&rsquo;\u00e9quilibre, audition avec comme objectif \u00e0 atteindre : le bien-\u00eatre, la d\u00e9tente, un sentiment s\u00e9cure et de&#8230;<\/p>\n","protected":false},"author":1,"featured_media":123,"parent":8,"menu_order":0,"comment_status":"closed","ping_status":"closed","template":"","meta":[],"_links":{"self":[{"href":"http:\/\/46.105.124.10\/fab\/index.php?rest_route=\/wp\/v2\/pages\/48"}],"collection":[{"href":"http:\/\/46.105.124.10\/fab\/index.php?rest_route=\/wp\/v2\/pages"}],"about":[{"href":"http:\/\/46.105.124.10\/fab\/index.php?rest_route=\/wp\/v2\/types\/page"}],"author":[{"embeddable":true,"href":"http:\/\/46.105.124.10\/fab\/index.php?rest_route=\/wp\/v2\/users\/1"}],"replies":[{"embeddable":true,"href":"http:\/\/46.105.124.10\/fab\/index.php?rest_route=%2Fwp%2Fv2%2Fcomments&post=48"}],"version-history":[{"count":7,"href":"http:\/\/46.105.124.10\/fab\/index.php?rest_route=\/wp\/v2\/pages\/48\/revisions"}],"predecessor-version":[{"id":136,"href":"http:\/\/46.105.124.10\/fab\/index.php?rest_route=\/wp\/v2\/pages\/48\/revisions\/136"}],"up":[{"embeddable":true,"href":"http:\/\/46.105.124.10\/fab\/index.php?rest_route=\/wp\/v2\/pages\/8"}],"wp:featuredmedia":[{"embeddable":true,"href":"http:\/\/46.105.124.10\/fab\/index.php?rest_route=\/wp\/v2\/media\/123"}],"wp:attachment":[{"href":"http:\/\/46.105.124.10\/fab\/index.php?rest_route=%2Fwp%2Fv2%2Fmedia&parent=48"}],"curies":[{"name":"wp","href":"https:\/\/api.w.org\/{rel}","templated":true}]}}