{"id":596,"date":"2022-01-11T17:45:09","date_gmt":"2022-01-11T16:45:09","guid":{"rendered":"https:\/\/wordpress.vecurosoft.com\/kundax\/?page_id=596"},"modified":"2023-04-21T16:24:03","modified_gmt":"2023-04-21T14:24:03","slug":"about","status":"publish","type":"page","link":"http:\/\/46.105.124.10\/fab\/?page_id=596","title":{"rendered":"Qui sommes-nous ?"},"content":{"rendered":"\t\t<div data-elementor-type=\"wp-page\" data-elementor-id=\"596\" class=\"elementor elementor-596\">\n\t\t\t\t\t\t\t\t\t<section class=\"elementor-section elementor-top-section elementor-element elementor-element-e841e5a elementor-section-full_width elementor-section-height-default elementor-section-height-default\" data-id=\"e841e5a\" data-element_type=\"section\">\n\t\t\t\t\t\t<div class=\"elementor-container elementor-column-gap-no\">\n\t\t\t\t\t<div class=\"elementor-column elementor-col-100 elementor-top-column elementor-element elementor-element-64317d6\" data-id=\"64317d6\" data-element_type=\"column\">\n\t\t\t<div class=\"elementor-widget-wrap elementor-element-populated\">\n\t\t\t\t\t\t\t\t<div class=\"elementor-element elementor-element-60d02ba elementor-widget elementor-widget-kundaxaboutuswidget\" data-id=\"60d02ba\" data-element_type=\"widget\" data-widget_type=\"kundaxaboutuswidget.default\">\n\t\t\t\t<div class=\"elementor-widget-container\">\n\t\t\t<!-----------------------Start About Us Area-----------------------><div class=\"about-section space\"><div class=\"container\"><div class=\"row align-items-center gy-30\"><div class=\"col-lg-6 wow fadeInLeft\" data-wow-delay=\"0.2s\"><div class=\"img-box-2\"><img decoding=\"async\" src=\"https:\/\/wordpress.vecurosoft.com\/knirpse\/wp-content\/uploads\/2022\/01\/about-us-combine-1.png\" alt=\"about us combine 1\"  \/><\/div><\/div><div class=\"col-lg-5 wow fadeInRight\" data-wow-delay=\"0.2s\"><div class=\"text-center text-lg-start\"><span class=\"sub-title\">Cabinet Psychomot\u2019 en Comminges<\/span><h2 class=\"sec-title big-title\">Qui sommes nous ?<\/h2><p class=\"fs-md mb-30\"><p>Depuis 2017 nous travaillons ensemble et nous nous sommes install\u00e9es au sein du m\u00eame cabinet en septembre 2020.<\/p><p>Nous proposons des <strong>s\u00e9ances individuelles<\/strong> (pr\u00e9maturit\u00e9, retard de d\u00e9veloppement, troubles des apprentissages, TSA, troubles neuro-d\u00e9veloppementaux \u2026) mais aussi des s\u00e9ances de groupes pour les enfants (une co-animation favorise la participation et la dynamique de groupe) :<\/p><p>\u2013 <strong>Ateliers d\u2019habilet\u00e9s sociales<\/strong>\u00a0: 1h par semaine sur environ 35 s\u00e9ances<\/p><p>\u2013 <strong>Ateliers PIFAM <\/strong>(Programme d\u2019Intervention sur les Fonctions Attentionnelles et Metacognitives)\u00a0: 1h par semaine sur environ 24 s\u00e9ances<\/p><p>\u2013 <strong>Ateliers CO-OP (<\/strong>Orientation Cognitive au rendement Occupationnel Quotidien)\u00a0: 1h par semaine sur environ 12 s\u00e9ances<\/p><p>\u2013 <strong>groupes TDAH\/<\/strong><strong>Fonctions Ex\u00e9cutives<\/strong>: 1h par semaine sur une ann\u00e9e scolaire<\/p><p>Nous proposons aussi des <strong>groupes de guidance parentale type BARKLEY<\/strong> pour les parents d\u2019enfants TDAH et\/ou des difficult\u00e9s de comportement : 1h30 tous les 15 jours \u2013 environ 10 s\u00e9ances<\/p><\/p><a href=\"tel:+33561897535\" class=\"vs-btn wave-btn style-1\">Appelez-nous<\/a><\/div><\/div><\/div><\/div><div class=\"shape-mockup shapePulse d-none d-hd-block\" data-bottom=\"40%\" data-left=\"6%\"><img decoding=\"async\" src=\"https:\/\/wordpress.vecurosoft.com\/knirpse\/wp-content\/uploads\/2022\/01\/dog.png\" alt=\"Fabienne &amp; Agnes Psychomotriciennes Saint Gaudens\"><\/div><div class=\"shape-mockup rotate d-none d-md-block\" data-bottom=\"40%\" data-right=\"6%\"><img decoding=\"async\" src=\"https:\/\/wordpress.vecurosoft.com\/knirpse\/wp-content\/uploads\/2022\/01\/star.png\" alt=\"Fabienne &amp; Agnes Psychomotriciennes Saint Gaudens\"><\/div><\/div><!-----------------------End About Us Area----------------------->\t\t<\/div>\n\t\t\t\t<\/div>\n\t\t\t\t\t<\/div>\n\t\t<\/div>\n\t\t\t\t\t\t\t<\/div>\n\t\t<\/section>\n\t\t\t\t<section class=\"elementor-section elementor-top-section elementor-element elementor-element-58752ed elementor-section-boxed elementor-section-height-default elementor-section-height-default\" data-id=\"58752ed\" data-element_type=\"section\">\n\t\t\t\t\t\t<div class=\"elementor-container elementor-column-gap-default\">\n\t\t\t\t\t<div class=\"elementor-column elementor-col-50 elementor-top-column elementor-element elementor-element-715fe36\" data-id=\"715fe36\" data-element_type=\"column\">\n\t\t\t<div class=\"elementor-widget-wrap elementor-element-populated\">\n\t\t\t\t\t\t\t\t<div class=\"elementor-element elementor-element-8fd95dd elementor-widget elementor-widget-kundaxteacherinforamtions\" data-id=\"8fd95dd\" data-element_type=\"widget\" data-widget_type=\"kundaxteacherinforamtions.default\">\n\t\t\t\t<div class=\"elementor-widget-container\">\n\t\t\t<!-----------------------Start Teacher Info Area-----------------------><div class=\"widget wow fadeInUp\" data-wow-delay=\"0.4s\"><div class=\"author-widget-wrap\"><div class=\"author-info\"><h4 class=\"name text-title\"><a href=\"#\">Mme BACHEX Fabienne<\/a><\/h4><span class=\"desig\">06-09-41-40-33<\/span><\/div><p class=\"author-bio\">2000 : D.E. \u00e0 la Piti\u00e9 Salp\u00e9tri\u00e8re, \n2011 : D.U. Troubles des Apprentissages, \n2018 : D.U. Nourrissons Vuln\u00e9rables<\/p><div class=\"multi-social\"><a  target=\"_blank\" rel=\"nofollow\" href=\"http:\/\/06-09-41-40-33\"><i aria-hidden=\"true\" class=\"fas fa-phone-alt\"><\/i><\/a><a  target=\"_blank\" rel=\"nofollow\" href=\"mailto:fabienne.bachex@sfr.fr\"><i aria-hidden=\"true\" class=\"far fa-envelope\"><\/i><\/a><\/div><\/div><\/div><!-----------------------End Teacher Info Area----------------------->\t\t<\/div>\n\t\t\t\t<\/div>\n\t\t\t\t\t<\/div>\n\t\t<\/div>\n\t\t\t\t<div class=\"elementor-column elementor-col-50 elementor-top-column elementor-element elementor-element-e2b1a5f\" data-id=\"e2b1a5f\" data-element_type=\"column\">\n\t\t\t<div class=\"elementor-widget-wrap elementor-element-populated\">\n\t\t\t\t\t\t\t\t<div class=\"elementor-element elementor-element-a1f40ef elementor-widget elementor-widget-kundaxteacherinforamtions\" data-id=\"a1f40ef\" data-element_type=\"widget\" data-widget_type=\"kundaxteacherinforamtions.default\">\n\t\t\t\t<div class=\"elementor-widget-container\">\n\t\t\t<!-----------------------Start Teacher Info Area-----------------------><div class=\"widget wow fadeInUp\" data-wow-delay=\"0.4s\"><div class=\"author-widget-wrap\"><div class=\"author-info\"><h4 class=\"name text-title\"><a href=\"#\">Mme DUPOUY Agn\u00e8s<\/a><\/h4><span class=\"desig\">06-83-63-08-09<\/span><\/div><p class=\"author-bio\">2007 : D.E. \u00e0 Toulouse, sp\u00e9cialit\u00e9 Troubles des Apprentissages, 2018 : D.U. Nourrissons Vuln\u00e9rables<\/p><div class=\"multi-social\"><a  target=\"_blank\" rel=\"nofollow\" href=\"http:\/\/06-83-63-08-09\"><i aria-hidden=\"true\" class=\"fas fa-phone-alt\"><\/i><\/a><a  target=\"_blank\" rel=\"nofollow\" href=\"mailto:a.dupouy@psychomot-stgaudens.fr\"><i aria-hidden=\"true\" class=\"far fa-envelope\"><\/i><\/a><\/div><\/div><\/div><!-----------------------End Teacher Info Area----------------------->\t\t<\/div>\n\t\t\t\t<\/div>\n\t\t\t\t\t<\/div>\n\t\t<\/div>\n\t\t\t\t\t\t\t<\/div>\n\t\t<\/section>\n\t\t\t\t\t\t\t<\/div>\n\t\t","protected":false},"excerpt":{"rendered":"<p>Cabinet Psychomot\u2019 en Comminges Qui sommes nous ? Depuis 2017 nous travaillons ensemble et nous nous sommes install\u00e9es au sein du m\u00eame cabinet en septembre 2020. Nous proposons des s\u00e9ances individuelles (pr\u00e9maturit\u00e9, retard de d\u00e9veloppement, troubles des apprentissages, TSA, troubles neuro-d\u00e9veloppementaux \u2026) mais aussi des s\u00e9ances de groupes pour les enfants (une co-animation favorise la&#8230;<\/p>\n","protected":false},"author":1,"featured_media":0,"parent":0,"menu_order":0,"comment_status":"closed","ping_status":"closed","template":"template-builder.php","meta":[],"_links":{"self":[{"href":"http:\/\/46.105.124.10\/fab\/index.php?rest_route=\/wp\/v2\/pages\/596"}],"collection":[{"href":"http:\/\/46.105.124.10\/fab\/index.php?rest_route=\/wp\/v2\/pages"}],"about":[{"href":"http:\/\/46.105.124.10\/fab\/index.php?rest_route=\/wp\/v2\/types\/page"}],"author":[{"embeddable":true,"href":"http:\/\/46.105.124.10\/fab\/index.php?rest_route=\/wp\/v2\/users\/1"}],"replies":[{"embeddable":true,"href":"http:\/\/46.105.124.10\/fab\/index.php?rest_route=%2Fwp%2Fv2%2Fcomments&post=596"}],"version-history":[{"count":23,"href":"http:\/\/46.105.124.10\/fab\/index.php?rest_route=\/wp\/v2\/pages\/596\/revisions"}],"predecessor-version":[{"id":2915,"href":"http:\/\/46.105.124.10\/fab\/index.php?rest_route=\/wp\/v2\/pages\/596\/revisions\/2915"}],"wp:attachment":[{"href":"http:\/\/46.105.124.10\/fab\/index.php?rest_route=%2Fwp%2Fv2%2Fmedia&parent=596"}],"curies":[{"name":"wp","href":"https:\/\/api.w.org\/{rel}","templated":true}]}}