{"id":68,"date":"2022-01-08T10:36:23","date_gmt":"2022-01-08T09:36:23","guid":{"rendered":"https:\/\/wordpress.vecurosoft.com\/kundax\/?page_id=68"},"modified":"2023-04-22T08:32:24","modified_gmt":"2023-04-22T06:32:24","slug":"accueil","status":"publish","type":"page","link":"http:\/\/46.105.124.10\/fab\/","title":{"rendered":"Accueil"},"content":{"rendered":"\t\t<div data-elementor-type=\"wp-page\" data-elementor-id=\"68\" class=\"elementor elementor-68\">\n\t\t\t\t\t\t\t\t\t<section class=\"elementor-section elementor-top-section elementor-element elementor-element-f2ccd97 elementor-section-full_width elementor-section-height-default elementor-section-height-default\" data-id=\"f2ccd97\" data-element_type=\"section\">\n\t\t\t\t\t\t<div class=\"elementor-container elementor-column-gap-no\">\n\t\t\t\t\t<div class=\"elementor-column elementor-col-100 elementor-top-column elementor-element elementor-element-68af9ea\" data-id=\"68af9ea\" data-element_type=\"column\">\n\t\t\t<div class=\"elementor-widget-wrap elementor-element-populated\">\n\t\t\t\t\t\t\t\t<div class=\"elementor-element elementor-element-b4612f2 elementor-widget elementor-widget-kundaxbanner\" data-id=\"b4612f2\" data-element_type=\"widget\" data-widget_type=\"kundaxbanner.default\">\n\t\t\t\t<div class=\"elementor-widget-container\">\n\t\t\t<!-- Start Banner --><div class=\"vs-hero-wrapper position-relative\"><div class=\"section-before\"><img decoding=\"async\" src=\"https:\/\/wordpress.vecurosoft.com\/knirpse\/wp-content\/uploads\/2022\/01\/header-after.png\" alt=\"header after\"  \/><\/div><div class=\"section-after d-none d-md-block\"><img decoding=\"async\" src=\"https:\/\/wordpress.vecurosoft.com\/knirpse\/wp-content\/uploads\/2022\/01\/hero-after.png\" alt=\"hero after\"  \/><\/div><div class=\"hero-slider1 vs-carousel\"><!-- Single Slide --><div class=\"vs-hero-inner\"><div class=\"vs-hero-bg\" data-bg-src=\"https:\/\/wordpress.vecurosoft.com\/knirpse\/wp-content\/uploads\/2023\/03\/hero1-1.jpg\"><\/div><div class=\"hero-content\" data-bg-src=\"https:\/\/wordpress.vecurosoft.com\/knirpse\/wp-content\/uploads\/2022\/01\/hcontent-bg.png\"><img decoding=\"async\" class=\"con-before\" data-ani=\"slideinleft\" data-ani-delay=\"0.2s\" src=\"https:\/\/wordpress.vecurosoft.com\/knirpse\/wp-content\/uploads\/2022\/01\/hero-con-before.png\" alt=\"shape\"><img decoding=\"async\" class=\"con-after\" data-ani=\"slideinright\" data-ani-delay=\"0.2s\" src=\"https:\/\/wordpress.vecurosoft.com\/knirpse\/wp-content\/uploads\/2022\/01\/hero-con-after.png\" alt=\"shape\"><img decoding=\"async\" class=\"car\" data-ani=\"slidetopleft\" data-ani-delay=\"0.4s\" src=\"https:\/\/wordpress.vecurosoft.com\/knirpse\/wp-content\/uploads\/2022\/02\/car-slider.svg\" alt=\"icon\"><div class=\"hero-text\" data-ani=\"slideinup\" data-ani-delay=\"0s\"><span>Agnes<\/span><i class=\"fas fa-circle\"><\/i><span>Fabienne<\/span><\/div><h1 class=\"hero-title text-title mb-30\" data-ani=\"slideinup\" data-ani-delay=\"0.2s\">Psychomotricienne <span class=\"focus text-theme\">Saint Gaudens<\/span> <\/h1><a href=\"https:\/\/wordpress.vecurosoft.com\/knirpse\/contact\/\" class=\"vs-btn wave-btn\" data-ani=\"slideinup\" data-ani-delay=\"0.4s\">Contactez-nous<\/a><\/div><\/div><!-- Single Slide --><div class=\"vs-hero-inner\"><div class=\"vs-hero-bg\" data-bg-src=\"https:\/\/wordpress.vecurosoft.com\/knirpse\/wp-content\/uploads\/2023\/03\/hero1-2.jpg\"><\/div><div class=\"hero-content\" data-bg-src=\"https:\/\/wordpress.vecurosoft.com\/knirpse\/wp-content\/uploads\/2022\/01\/hcontent-bg.png\"><img decoding=\"async\" class=\"con-before\" data-ani=\"slideinleft\" data-ani-delay=\"0.2s\" src=\"https:\/\/wordpress.vecurosoft.com\/knirpse\/wp-content\/uploads\/2022\/01\/hero-con-before.png\" alt=\"shape\"><img decoding=\"async\" class=\"con-after\" data-ani=\"slideinright\" data-ani-delay=\"0.2s\" src=\"https:\/\/wordpress.vecurosoft.com\/knirpse\/wp-content\/uploads\/2022\/01\/hero-con-after.png\" alt=\"shape\"><img decoding=\"async\" class=\"car\" data-ani=\"slidetopleft\" data-ani-delay=\"0.4s\" src=\"https:\/\/wordpress.vecurosoft.com\/knirpse\/wp-content\/uploads\/2022\/02\/car-slider.svg\" alt=\"icon\"><div class=\"hero-text\" data-ani=\"slideinup\" data-ani-delay=\"0s\"><span>Nos<\/span>\n                    <i class=\"fas fa-circle\"><\/i>\n                    <span>Ateliers<\/span><\/div><h1 class=\"hero-title text-title mb-30\" data-ani=\"slideinup\" data-ani-delay=\"0.2s\">Ateliers <span class=\"focus text-theme\">PIFAM<\/span> CO-OP<\/h1><a href=\"https:\/\/wordpress.vecurosoft.com\/knirpse\/contact\/\" class=\"vs-btn wave-btn\" data-ani=\"slideinup\" data-ani-delay=\"0.4s\">En savoir plus<\/a><\/div><\/div><!-- Single Slide --><div class=\"vs-hero-inner\"><div class=\"vs-hero-bg\" data-bg-src=\"https:\/\/wordpress.vecurosoft.com\/knirpse\/wp-content\/uploads\/2023\/03\/hero1-3.jpg\"><\/div><div class=\"hero-content\" data-bg-src=\"https:\/\/wordpress.vecurosoft.com\/knirpse\/wp-content\/uploads\/2022\/01\/hcontent-bg.png\"><img decoding=\"async\" class=\"con-before\" data-ani=\"slideinleft\" data-ani-delay=\"0.2s\" src=\"https:\/\/wordpress.vecurosoft.com\/knirpse\/wp-content\/uploads\/2022\/01\/hero-con-before.png\" alt=\"shape\"><img decoding=\"async\" class=\"con-after\" data-ani=\"slideinright\" data-ani-delay=\"0.2s\" src=\"https:\/\/wordpress.vecurosoft.com\/knirpse\/wp-content\/uploads\/2022\/01\/hero-con-after.png\" alt=\"shape\"><img decoding=\"async\" class=\"car\" data-ani=\"slidetopleft\" data-ani-delay=\"0.4s\" src=\"https:\/\/wordpress.vecurosoft.com\/knirpse\/wp-content\/uploads\/2022\/02\/car-slider.svg\" alt=\"icon\"><div class=\"hero-text\" data-ani=\"slideinup\" data-ani-delay=\"0s\"><span>Nos<\/span>\n                    <i class=\"fas fa-circle\"><\/i>\n                    <span>Groupes<\/span><\/div><h1 class=\"hero-title text-title mb-30\" data-ani=\"slideinup\" data-ani-delay=\"0.2s\">Groupes <span class=\"focus text-theme\">Barkley<\/span>TDAH<\/h1><a href=\"https:\/\/wordpress.vecurosoft.com\/knirpse\/contact\/\" class=\"vs-btn wave-btn\" data-ani=\"slideinup\" data-ani-delay=\"0.4s\">En Savoir Plus<\/a><\/div><\/div><\/div><\/div><!-- End Banner -->\t\t<\/div>\n\t\t\t\t<\/div>\n\t\t\t\t\t<\/div>\n\t\t<\/div>\n\t\t\t\t\t\t\t<\/div>\n\t\t<\/section>\n\t\t\t\t<section class=\"elementor-section elementor-top-section elementor-element elementor-element-28ad281 elementor-section-full_width elementor-section-height-default elementor-section-height-default\" data-id=\"28ad281\" data-element_type=\"section\" data-settings=\"{&quot;background_background&quot;:&quot;classic&quot;}\">\n\t\t\t\t\t\t<div class=\"elementor-container elementor-column-gap-no\">\n\t\t\t\t\t<div class=\"elementor-column elementor-col-100 elementor-top-column elementor-element elementor-element-fb3173f\" data-id=\"fb3173f\" data-element_type=\"column\">\n\t\t\t<div class=\"elementor-widget-wrap\">\n\t\t\t\t\t\t\t\t\t<\/div>\n\t\t<\/div>\n\t\t\t\t\t\t\t<\/div>\n\t\t<\/section>\n\t\t\t\t<section class=\"elementor-section elementor-top-section elementor-element elementor-element-af125b3 elementor-section-full_width elementor-section-height-default elementor-section-height-default\" data-id=\"af125b3\" data-element_type=\"section\" data-settings=\"{&quot;background_background&quot;:&quot;classic&quot;}\">\n\t\t\t\t\t\t<div class=\"elementor-container elementor-column-gap-no\">\n\t\t\t\t\t<div class=\"elementor-column elementor-col-100 elementor-top-column elementor-element elementor-element-52cfb67\" data-id=\"52cfb67\" data-element_type=\"column\">\n\t\t\t<div class=\"elementor-widget-wrap elementor-element-populated\">\n\t\t\t\t\t\t\t\t<div class=\"elementor-element elementor-element-6eecb8f elementor-widget elementor-widget-kundaxaboutuswidget\" data-id=\"6eecb8f\" data-element_type=\"widget\" data-widget_type=\"kundaxaboutuswidget.default\">\n\t\t\t\t<div class=\"elementor-widget-container\">\n\t\t\t<!-----------------------Start About Us Area-----------------------><div class=\"about-section space\"><div class=\"container\"><div class=\"row flex-column-reverse flex-lg-row align-items-center gy-30\"><div class=\"col-lg-5 wow fadeInUp\" data-wow-delay=\"0.2s\"><div class=\"text-center text-lg-start\"><span class=\"sub-title\">Bienvenue<\/span><h2 class=\"sec-title big-title\">Cabinet Psychomot\u2019 en Comminges<\/h2><p class=\"sec-desc fs-md mb-30\"><p>Le psychomotricien\u00a0est un professionnel de sant\u00e9 au m\u00eame titre que les kin\u00e9sith\u00e9rapeutes, les orthophonistes et les ergoth\u00e9rapeutes, exer\u00e7ant sous prescription m\u00e9dicale (mais non rembours\u00e9 par la s\u00e9curit\u00e9 sociale). Il exerce sa profession aupr\u00e8s du nourrisson \u00e0 la personne \u00e2g\u00e9e. Il consid\u00e8re que les\u00a0<strong>sph\u00e8res motrices, cognitives et psycho-affectives<\/strong>\u00a0du patient interagissent. Le soin psychomoteur se situe \u00e0 la jonction de ces diff\u00e9rentes sph\u00e8res et vise un \u00e9quilibre harmonieux de celles-ci.<\/p><\/p><a href=\"http:\/\/46.105.124.10\/fab\/?page_id=8\" class=\"vs-btn wave-btn style-1\">En Savoir plus<\/a><\/div><\/div><div class=\"col-lg-7\"><div class=\"shape-slider-area\"><button data-slick-prev=\"#sliderOne\" class=\"simple-arrow arrow-left\"><i class=\"far fa-chevron-left\"><\/i><\/button><button data-slick-next=\"#sliderOne\" class=\"simple-arrow arrow-right\"><i class=\"far fa-chevron-right\"><\/i><\/button><div class=\"shape-slider vs-carousel\" id=\"sliderOne\"><div class=\"slide-item\"><img decoding=\"async\" class=\"line-1\" data-ani=\"slideinup\" data-ani-delay=\".2s\" src=\"https:\/\/wordpress.vecurosoft.com\/knirpse\/wp-content\/uploads\/2022\/01\/line-1.png\" alt=\"Fabienne &amp; Agnes Psychomotriciennes Saint Gaudens\"><img decoding=\"async\" class=\"line-2\" data-ani=\"slideinup\" data-ani-delay=\".5s\" src=\"https:\/\/wordpress.vecurosoft.com\/knirpse\/wp-content\/uploads\/2023\/03\/line-2.png\" alt=\"Fabienne &amp; Agnes Psychomotriciennes Saint Gaudens\"><img decoding=\"async\" src=\"https:\/\/wordpress.vecurosoft.com\/knirpse\/wp-content\/uploads\/2022\/01\/shape-slide-1.png\" alt=\"Fabienne &amp; Agnes Psychomotriciennes Saint Gaudens\"><\/div><div class=\"slide-item\"><img decoding=\"async\" class=\"line-1\" data-ani=\"slideinup\" data-ani-delay=\".2s\" src=\"https:\/\/wordpress.vecurosoft.com\/knirpse\/wp-content\/uploads\/2022\/01\/line-1.png\" alt=\"Fabienne &amp; Agnes Psychomotriciennes Saint Gaudens\"><img decoding=\"async\" class=\"line-2\" data-ani=\"slideinup\" data-ani-delay=\".5s\" src=\"https:\/\/wordpress.vecurosoft.com\/knirpse\/wp-content\/uploads\/2023\/03\/line-2.png\" alt=\"Fabienne &amp; Agnes Psychomotriciennes Saint Gaudens\"><img decoding=\"async\" src=\"https:\/\/wordpress.vecurosoft.com\/knirpse\/wp-content\/uploads\/2022\/01\/shape-slide-2.png\" alt=\"Fabienne &amp; Agnes Psychomotriciennes Saint Gaudens\"><\/div><div class=\"slide-item\"><img decoding=\"async\" class=\"line-1\" data-ani=\"slideinup\" data-ani-delay=\".2s\" src=\"https:\/\/wordpress.vecurosoft.com\/knirpse\/wp-content\/uploads\/2022\/01\/line-1.png\" alt=\"Fabienne &amp; Agnes Psychomotriciennes Saint Gaudens\"><img decoding=\"async\" class=\"line-2\" data-ani=\"slideinup\" data-ani-delay=\".5s\" src=\"https:\/\/wordpress.vecurosoft.com\/knirpse\/wp-content\/uploads\/2023\/03\/line-2.png\" alt=\"Fabienne &amp; Agnes Psychomotriciennes Saint Gaudens\"><img decoding=\"async\" src=\"https:\/\/wordpress.vecurosoft.com\/knirpse\/wp-content\/uploads\/2022\/01\/shape-slide-3.png\" alt=\"Fabienne &amp; Agnes Psychomotriciennes Saint Gaudens\"><\/div><\/div><\/div><\/div><\/div><\/div><div class=\"shape-mockup shapePulse d-none d-lg-block rotate\" data-bottom=\"22%\" data-right=\"5%\"><img decoding=\"async\" src=\"https:\/\/wordpress.vecurosoft.com\/knirpse\/wp-content\/uploads\/2022\/01\/star.png\" alt=\"Fabienne &amp; Agnes Psychomotriciennes Saint Gaudens\"><\/div><div class=\"shape-mockup shapePulse d-none d-hd-block\" data-top=\"17%\" data-left=\"6%\"><img decoding=\"async\" src=\"https:\/\/wordpress.vecurosoft.com\/knirpse\/wp-content\/uploads\/2022\/01\/cap-plane.png\" alt=\"Fabienne &amp; Agnes Psychomotriciennes Saint Gaudens\"><\/div><div class=\"shape-mockup rotate d-none d-sm-block z-index-2\" data-bottom=\"-7%\" data-left=\"6%\"><img decoding=\"async\" src=\"https:\/\/wordpress.vecurosoft.com\/knirpse\/wp-content\/uploads\/2022\/01\/busket-ball.png\" alt=\"Fabienne &amp; Agnes Psychomotriciennes Saint Gaudens\"><\/div><\/div><!-----------------------End About Us Area----------------------->\t\t<\/div>\n\t\t\t\t<\/div>\n\t\t\t\t\t<\/div>\n\t\t<\/div>\n\t\t\t\t\t\t\t<\/div>\n\t\t<\/section>\n\t\t\t\t<section class=\"elementor-section elementor-top-section elementor-element elementor-element-ed46be4 elementor-section-full_width elementor-section-height-default elementor-section-height-default\" data-id=\"ed46be4\" data-element_type=\"section\" data-settings=\"{&quot;background_background&quot;:&quot;classic&quot;}\">\n\t\t\t\t\t\t<div class=\"elementor-container elementor-column-gap-no\">\n\t\t\t\t\t<div class=\"elementor-column elementor-col-100 elementor-top-column elementor-element elementor-element-6e22821\" data-id=\"6e22821\" data-element_type=\"column\">\n\t\t\t<div class=\"elementor-widget-wrap\">\n\t\t\t\t\t\t\t\t\t<\/div>\n\t\t<\/div>\n\t\t\t\t\t\t\t<\/div>\n\t\t<\/section>\n\t\t\t\t<section class=\"elementor-section elementor-top-section elementor-element elementor-element-46b668c elementor-section-full_width elementor-section-height-default elementor-section-height-default\" data-id=\"46b668c\" data-element_type=\"section\" data-settings=\"{&quot;background_background&quot;:&quot;classic&quot;}\">\n\t\t\t\t\t\t<div class=\"elementor-container elementor-column-gap-no\">\n\t\t\t\t\t<div class=\"elementor-column elementor-col-100 elementor-top-column elementor-element elementor-element-760aa5b\" data-id=\"760aa5b\" data-element_type=\"column\">\n\t\t\t<div class=\"elementor-widget-wrap elementor-element-populated\">\n\t\t\t\t\t\t\t\t<div class=\"elementor-element elementor-element-34d369f elementor-widget elementor-widget-kundaxcta\" data-id=\"34d369f\" data-element_type=\"widget\" data-widget_type=\"kundaxcta.default\">\n\t\t\t\t<div class=\"elementor-widget-container\">\n\t\t\t<!-----------------------Start CTA Area-----------------------><div class=\"cta-section space\"><div class=\"container text-center\"><div class=\"title-area mb-35 wow fadeInUp\" data-wow-delay=\"0.2s\"><span class=\"sub-title\">Cabinet Psychomot\u2019 en Comminges<\/span><h2 class=\"sec-title\">Fabienne &amp; Agnes <br> <a class=\"text-inherit\" href=\"tel:0561897535\">05 61 89 75 35<\/a><\/h2><\/div><a href=\"tel:+33561897535\" class=\"vs-btn wave-btn\">Appelez-nous<\/a><\/div><div class=\"section-after style-2\"><img decoding=\"async\" src=\"https:\/\/wordpress.vecurosoft.com\/knirpse\/wp-content\/uploads\/2022\/01\/main-shape-after.png\" alt=\"Fabienne &amp; Agnes Psychomotriciennes Saint Gaudens\"><\/div><div class=\"shape-mockup d-none d-hd-block\" data-top=\"0%\" data-left=\"0%\"><img decoding=\"async\" src=\"https:\/\/wordpress.vecurosoft.com\/knirpse\/wp-content\/uploads\/2022\/01\/rainbow-cloud.png\" alt=\"Fabienne &amp; Agnes Psychomotriciennes Saint Gaudens\"><\/div><div class=\"shape-mockup shapePulse d-none d-hd-block\" data-top=\"40%\" data-right=\"14%\"><img decoding=\"async\" src=\"https:\/\/wordpress.vecurosoft.com\/knirpse\/wp-content\/uploads\/2022\/01\/butterfly-4.png\" alt=\"Fabienne &amp; Agnes Psychomotriciennes Saint Gaudens\"><\/div><\/div><!-----------------------End CTA Area----------------------->\t\t<\/div>\n\t\t\t\t<\/div>\n\t\t\t\t\t<\/div>\n\t\t<\/div>\n\t\t\t\t\t\t\t<\/div>\n\t\t<\/section>\n\t\t\t\t<section class=\"elementor-section elementor-top-section elementor-element elementor-element-1af42db elementor-section-full_width elementor-section-height-default elementor-section-height-default\" data-id=\"1af42db\" data-element_type=\"section\" data-settings=\"{&quot;background_background&quot;:&quot;classic&quot;}\">\n\t\t\t\t\t\t<div class=\"elementor-container elementor-column-gap-no\">\n\t\t\t\t\t<div class=\"elementor-column elementor-col-100 elementor-top-column elementor-element elementor-element-3b18988\" data-id=\"3b18988\" data-element_type=\"column\">\n\t\t\t<div class=\"elementor-widget-wrap\">\n\t\t\t\t\t\t\t\t\t<\/div>\n\t\t<\/div>\n\t\t\t\t\t\t\t<\/div>\n\t\t<\/section>\n\t\t\t\t\t\t\t<\/div>\n\t\t","protected":false},"excerpt":{"rendered":"<p>AgnesFabienne Psychomotricienne Saint Gaudens Contactez-nousNos Ateliers Ateliers PIFAM CO-OP En savoir plusNos Groupes Groupes BarkleyTDAH En Savoir Plus Bienvenue Cabinet Psychomot\u2019 en Comminges Le psychomotricien\u00a0est un professionnel de sant\u00e9 au m\u00eame titre que les kin\u00e9sith\u00e9rapeutes, les orthophonistes et les ergoth\u00e9rapeutes, exer\u00e7ant sous prescription m\u00e9dicale (mais non rembours\u00e9 par la s\u00e9curit\u00e9 sociale). Il exerce sa profession&#8230;<\/p>\n","protected":false},"author":1,"featured_media":0,"parent":0,"menu_order":0,"comment_status":"closed","ping_status":"closed","template":"template-builder.php","meta":[],"_links":{"self":[{"href":"http:\/\/46.105.124.10\/fab\/index.php?rest_route=\/wp\/v2\/pages\/68"}],"collection":[{"href":"http:\/\/46.105.124.10\/fab\/index.php?rest_route=\/wp\/v2\/pages"}],"about":[{"href":"http:\/\/46.105.124.10\/fab\/index.php?rest_route=\/wp\/v2\/types\/page"}],"author":[{"embeddable":true,"href":"http:\/\/46.105.124.10\/fab\/index.php?rest_route=\/wp\/v2\/users\/1"}],"replies":[{"embeddable":true,"href":"http:\/\/46.105.124.10\/fab\/index.php?rest_route=%2Fwp%2Fv2%2Fcomments&post=68"}],"version-history":[{"count":26,"href":"http:\/\/46.105.124.10\/fab\/index.php?rest_route=\/wp\/v2\/pages\/68\/revisions"}],"predecessor-version":[{"id":2949,"href":"http:\/\/46.105.124.10\/fab\/index.php?rest_route=\/wp\/v2\/pages\/68\/revisions\/2949"}],"wp:attachment":[{"href":"http:\/\/46.105.124.10\/fab\/index.php?rest_route=%2Fwp%2Fv2%2Fmedia&parent=68"}],"curies":[{"name":"wp","href":"https:\/\/api.w.org\/{rel}","templated":true}]}}