{"id":8,"date":"2020-08-02T20:48:19","date_gmt":"2020-08-02T18:48:19","guid":{"rendered":"http:\/\/46.105.124.10\/fab\/?page_id=8"},"modified":"2023-04-21T16:34:43","modified_gmt":"2023-04-21T14:34:43","slug":"cabinet-psychomot-en-comminges","status":"publish","type":"page","link":"http:\/\/46.105.124.10\/fab\/?page_id=8","title":{"rendered":"Psychomotriciennes"},"content":{"rendered":"\t\t<div data-elementor-type=\"wp-page\" data-elementor-id=\"8\" class=\"elementor elementor-8\">\n\t\t\t\t\t\t\t\t\t<section class=\"elementor-section elementor-top-section elementor-element elementor-element-1cb1a78 elementor-section-boxed elementor-section-height-default elementor-section-height-default\" data-id=\"1cb1a78\" data-element_type=\"section\">\n\t\t\t\t\t\t<div class=\"elementor-container elementor-column-gap-default\">\n\t\t\t\t\t<div class=\"elementor-column elementor-col-100 elementor-top-column elementor-element elementor-element-60fbff77\" data-id=\"60fbff77\" data-element_type=\"column\">\n\t\t\t<div class=\"elementor-widget-wrap elementor-element-populated\">\n\t\t\t\t\t\t\t\t<div class=\"elementor-element elementor-element-39048f9 elementor-widget elementor-widget-text-editor\" data-id=\"39048f9\" data-element_type=\"widget\" data-widget_type=\"text-editor.default\">\n\t\t\t\t<div class=\"elementor-widget-container\">\n\t\t\t<style>\/*! elementor - v3.12.1 - 02-04-2023 *\/\n.elementor-widget-text-editor.elementor-drop-cap-view-stacked .elementor-drop-cap{background-color:#69727d;color:#fff}.elementor-widget-text-editor.elementor-drop-cap-view-framed .elementor-drop-cap{color:#69727d;border:3px solid;background-color:transparent}.elementor-widget-text-editor:not(.elementor-drop-cap-view-default) .elementor-drop-cap{margin-top:8px}.elementor-widget-text-editor:not(.elementor-drop-cap-view-default) .elementor-drop-cap-letter{width:1em;height:1em}.elementor-widget-text-editor .elementor-drop-cap{float:left;text-align:center;line-height:1;font-size:50px}.elementor-widget-text-editor .elementor-drop-cap-letter{display:inline-block}<\/style>\t\t\t\t<!-- wp:paragraph -->\n<p>Le psychomotricien\u00a0est un professionnel de sant\u00e9 au m\u00eame titre que les kin\u00e9sith\u00e9rapeutes, les orthophonistes et les ergoth\u00e9rapeutes, exer\u00e7ant sous prescription m\u00e9dicale (mais non rembours\u00e9 par la s\u00e9curit\u00e9 sociale).<\/p>\n<p>Il exerce sa profession aupr\u00e8s du nourrisson \u00e0 la personne \u00e2g\u00e9e.<\/p>\n<p>Il consid\u00e8re que les\u00a0<strong>sph\u00e8res motrices, cognitives et psycho-affectives<\/strong>\u00a0du patient interagissent.<\/p>\n<p>Le soin psychomoteur se situe \u00e0 la jonction de ces diff\u00e9rentes sph\u00e8res et vise un \u00e9quilibre harmonieux de celles-ci.<\/p>\n<!-- \/wp:paragraph --><!-- wp:paragraph -->\n<p>Cette d\u00e9finition donne \u00e0 la profession un champ d&rsquo;action tr\u00e8s large.<\/p>\n<p>Le psychomotricien s&rsquo;adresse donc \u00e0 une population de diff\u00e9rents \u00e2ges au cours de la vie pour des actions de d\u00e9pistage, de diagnostic, de pr\u00e9vention, d&rsquo;accompagnement et de r\u00e9\u00e9ducation.<\/p>\n<p>Tr\u00e8s au fait du d\u00e9veloppement de l&rsquo;enfant et des troubles existants, le psychomotricien tente d&rsquo;apporter, par des mises en situation et des apprentissages sp\u00e9cifiques, une r\u00e9duction du d\u00e9ficit ou une adaptation du trouble neuro-d\u00e9veloppemental vis\u00e9.<\/p>\n<p>A d\u00e9faut, il aide \u00e0 la compensation et \u00e0 l&rsquo;int\u00e9gration du sujet en prenant en compte ses d\u00e9ficits.<\/p>\n<p>Si le cadre d&rsquo;intervention est toujours le m\u00eame : \u00e9valuation, diagnostic, construction d&rsquo;un projet de soin, r\u00e9\u00e9valuation du travail effectu\u00e9, les m\u00e9thodes de th\u00e9rapie sont, elles, riches et multiples.<\/p>\n<p>Elles empruntent \u00e0 la recherche fondamentale comme \u00e0 la recherche appliqu\u00e9e toute avanc\u00e9e qui pourrait aider le patient.<\/p>\n<p>La r\u00e9\u00e9ducation ou th\u00e9rapie psychomotrice sont des moyens qui permettent de restaurer l&rsquo;adaptation de l&rsquo;individu au milieu par le biais d&rsquo;apprentissages psycho-perceptivo-moteurs.<\/p>\n<p>Elle s&rsquo;adresse, pour l&rsquo;essentiel, aux troubles psychomoteurs.<\/p>\n<!-- \/wp:paragraph -->\t\t\t\t\t\t<\/div>\n\t\t\t\t<\/div>\n\t\t\t\t\t<\/div>\n\t\t<\/div>\n\t\t\t\t\t\t\t<\/div>\n\t\t<\/section>\n\t\t\t\t\t\t\t<\/div>\n\t\t","protected":false},"excerpt":{"rendered":"<p>Le psychomotricien\u00a0est un professionnel de sant\u00e9 au m\u00eame titre que les kin\u00e9sith\u00e9rapeutes, les orthophonistes et les ergoth\u00e9rapeutes, exer\u00e7ant sous prescription m\u00e9dicale (mais non rembours\u00e9 par la s\u00e9curit\u00e9 sociale). Il exerce sa profession aupr\u00e8s du nourrisson \u00e0 la personne \u00e2g\u00e9e. Il consid\u00e8re que les\u00a0sph\u00e8res motrices, cognitives et psycho-affectives\u00a0du patient interagissent. Le soin psychomoteur se situe \u00e0&#8230;<\/p>\n","protected":false},"author":2,"featured_media":50,"parent":0,"menu_order":0,"comment_status":"closed","ping_status":"closed","template":"","meta":[],"_links":{"self":[{"href":"http:\/\/46.105.124.10\/fab\/index.php?rest_route=\/wp\/v2\/pages\/8"}],"collection":[{"href":"http:\/\/46.105.124.10\/fab\/index.php?rest_route=\/wp\/v2\/pages"}],"about":[{"href":"http:\/\/46.105.124.10\/fab\/index.php?rest_route=\/wp\/v2\/types\/page"}],"author":[{"embeddable":true,"href":"http:\/\/46.105.124.10\/fab\/index.php?rest_route=\/wp\/v2\/users\/2"}],"replies":[{"embeddable":true,"href":"http:\/\/46.105.124.10\/fab\/index.php?rest_route=%2Fwp%2Fv2%2Fcomments&post=8"}],"version-history":[{"count":14,"href":"http:\/\/46.105.124.10\/fab\/index.php?rest_route=\/wp\/v2\/pages\/8\/revisions"}],"predecessor-version":[{"id":2928,"href":"http:\/\/46.105.124.10\/fab\/index.php?rest_route=\/wp\/v2\/pages\/8\/revisions\/2928"}],"wp:featuredmedia":[{"embeddable":true,"href":"http:\/\/46.105.124.10\/fab\/index.php?rest_route=\/wp\/v2\/media\/50"}],"wp:attachment":[{"href":"http:\/\/46.105.124.10\/fab\/index.php?rest_route=%2Fwp%2Fv2%2Fmedia&parent=8"}],"curies":[{"name":"wp","href":"https:\/\/api.w.org\/{rel}","templated":true}]}}